{"id":42,"date":"2022-02-13T19:35:32","date_gmt":"2022-02-13T18:35:32","guid":{"rendered":"https:\/\/k-p.fr\/?page_id=42"},"modified":"2022-05-18T12:26:21","modified_gmt":"2022-05-18T10:26:21","slug":"louer","status":"publish","type":"page","link":"https:\/\/k-p.fr\/?page_id=42","title":{"rendered":"Louer"},"content":{"rendered":"\t\t<div data-elementor-type=\"wp-page\" data-elementor-id=\"42\" class=\"elementor elementor-42\">\n\t\t\t\t\t\t<section class=\"elementor-section elementor-top-section elementor-element elementor-element-8a8d885 elementor-section-boxed elementor-section-height-default elementor-section-height-default\" data-id=\"8a8d885\" data-element_type=\"section\">\n\t\t\t\t\t\t<div class=\"elementor-container elementor-column-gap-default\">\n\t\t\t\t\t<div class=\"elementor-column elementor-col-100 elementor-top-column elementor-element elementor-element-8c6adc9\" data-id=\"8c6adc9\" data-element_type=\"column\">\n\t\t\t<div class=\"elementor-widget-wrap elementor-element-populated\">\n\t\t\t\t\t\t<div class=\"elementor-element elementor-element-2f9efdf elementor-widget elementor-widget-spacer\" data-id=\"2f9efdf\" data-element_type=\"widget\" data-widget_type=\"spacer.default\">\n\t\t\t\t<div class=\"elementor-widget-container\">\n\t\t\t\t\t\t\t<div class=\"elementor-spacer\">\n\t\t\t<div class=\"elementor-spacer-inner\"><\/div>\n\t\t<\/div>\n\t\t\t\t\t\t<\/div>\n\t\t\t\t<\/div>\n\t\t\t\t\t<\/div>\n\t\t<\/div>\n\t\t\t\t\t<\/div>\n\t\t<\/section>\n\t\t\t\t<section class=\"elementor-section elementor-top-section elementor-element elementor-element-0e73de8 elementor-section-boxed elementor-section-height-default elementor-section-height-default\" data-id=\"0e73de8\" data-element_type=\"section\">\n\t\t\t\t\t\t<div class=\"elementor-container elementor-column-gap-default\">\n\t\t\t\t\t<div class=\"elementor-column elementor-col-100 elementor-top-column elementor-element elementor-element-96d4dce\" data-id=\"96d4dce\" data-element_type=\"column\">\n\t\t\t<div class=\"elementor-widget-wrap elementor-element-populated\">\n\t\t\t\t\t\t<div class=\"elementor-element elementor-element-41c3f25 elementor-widget elementor-widget-heading\" data-id=\"41c3f25\" data-element_type=\"widget\" data-widget_type=\"heading.default\">\n\t\t\t\t<div class=\"elementor-widget-container\">\n\t\t\t\t\t<h2 class=\"elementor-heading-title elementor-size-default\">Un accompagnement sur mesure<\/h2>\t\t\t\t<\/div>\n\t\t\t\t<\/div>\n\t\t\t\t\t<\/div>\n\t\t<\/div>\n\t\t\t\t\t<\/div>\n\t\t<\/section>\n\t\t\t\t<section class=\"elementor-section elementor-top-section elementor-element elementor-element-d0cfc51 elementor-section-boxed elementor-section-height-default elementor-section-height-default\" data-id=\"d0cfc51\" data-element_type=\"section\">\n\t\t\t\t\t\t<div class=\"elementor-container elementor-column-gap-default\">\n\t\t\t\t\t<div class=\"elementor-column elementor-col-100 elementor-top-column elementor-element elementor-element-ee347be\" data-id=\"ee347be\" data-element_type=\"column\">\n\t\t\t<div class=\"elementor-widget-wrap elementor-element-populated\">\n\t\t\t\t\t\t<div class=\"elementor-element elementor-element-1fa9b21 elementor-widget elementor-widget-spacer\" data-id=\"1fa9b21\" data-element_type=\"widget\" data-widget_type=\"spacer.default\">\n\t\t\t\t<div class=\"elementor-widget-container\">\n\t\t\t\t\t\t\t<div class=\"elementor-spacer\">\n\t\t\t<div class=\"elementor-spacer-inner\"><\/div>\n\t\t<\/div>\n\t\t\t\t\t\t<\/div>\n\t\t\t\t<\/div>\n\t\t\t\t\t<\/div>\n\t\t<\/div>\n\t\t\t\t\t<\/div>\n\t\t<\/section>\n\t\t\t\t<section class=\"elementor-section elementor-top-section elementor-element elementor-element-8733f90 elementor-section-boxed elementor-section-height-default elementor-section-height-default\" data-id=\"8733f90\" data-element_type=\"section\">\n\t\t\t\t\t\t<div class=\"elementor-container elementor-column-gap-default\">\n\t\t\t\t\t<div class=\"elementor-column elementor-col-50 elementor-top-column elementor-element elementor-element-a4cbdd5\" data-id=\"a4cbdd5\" data-element_type=\"column\">\n\t\t\t<div class=\"elementor-widget-wrap elementor-element-populated\">\n\t\t\t\t\t\t<div class=\"elementor-element elementor-element-e4c57f9 elementor-widget elementor-widget-spacer\" data-id=\"e4c57f9\" data-element_type=\"widget\" data-widget_type=\"spacer.default\">\n\t\t\t\t<div class=\"elementor-widget-container\">\n\t\t\t\t\t\t\t<div class=\"elementor-spacer\">\n\t\t\t<div class=\"elementor-spacer-inner\"><\/div>\n\t\t<\/div>\n\t\t\t\t\t\t<\/div>\n\t\t\t\t<\/div>\n\t\t\t\t<div class=\"elementor-element elementor-element-9f346fc elementor-widget elementor-widget-text-editor\" data-id=\"9f346fc\" data-element_type=\"widget\" data-widget_type=\"text-editor.default\">\n\t\t\t\t<div class=\"elementor-widget-container\">\n\t\t\t\t\t\t\t\t\t<p class=\"font_8\"><span class=\"color_11\">La satisfaction client est au c\u0153ur de nos priorit\u00e9s. Que vous soyez propri\u00e9taire, bailleur, ou investisseur, l\u2019agence Kingsman Property vous propose des produits et services li\u00e9s \u00e0 vos besoins.<\/span><\/p><p class=\"font_8\"><span class=\"color_11\">Nous assurons la s\u00e9curisation de vos revenus locatifs ainsi que la pr\u00e9servation de votre patrimoine. Nos conseillers vous fournissent un accompagnement personnalis\u00e9 quel que soit votre projet. Leur r\u00e9activit\u00e9 commerciale unique vous assure une grande s\u00e9r\u00e9nit\u00e9.<\/span><\/p>\t\t\t\t\t\t\t\t<\/div>\n\t\t\t\t<\/div>\n\t\t\t\t\t<\/div>\n\t\t<\/div>\n\t\t\t\t<div class=\"elementor-column elementor-col-50 elementor-top-column elementor-element elementor-element-ed793f9\" data-id=\"ed793f9\" data-element_type=\"column\">\n\t\t\t<div class=\"elementor-widget-wrap elementor-element-populated\">\n\t\t\t\t\t\t<div class=\"elementor-element elementor-element-2af6a96 elementor-widget elementor-widget-image\" data-id=\"2af6a96\" data-element_type=\"widget\" data-widget_type=\"image.default\">\n\t\t\t\t<div class=\"elementor-widget-container\">\n\t\t\t\t\t\t\t\t\t\t\t\t\t\t\t<img fetchpriority=\"high\" decoding=\"async\" width=\"632\" height=\"421\" src=\"https:\/\/k-p.fr\/wp-content\/uploads\/2022\/03\/La-location-dune-maison.webp\" class=\"attachment-large size-large wp-image-463\" alt=\"\" srcset=\"https:\/\/k-p.fr\/wp-content\/uploads\/2022\/03\/La-location-dune-maison.webp 632w, https:\/\/k-p.fr\/wp-content\/uploads\/2022\/03\/La-location-dune-maison-600x400.webp 600w, https:\/\/k-p.fr\/wp-content\/uploads\/2022\/03\/La-location-dune-maison-300x200.webp 300w\" sizes=\"(max-width: 632px) 100vw, 632px\" \/>\t\t\t\t\t\t\t\t\t\t\t\t\t\t\t<\/div>\n\t\t\t\t<\/div>\n\t\t\t\t\t<\/div>\n\t\t<\/div>\n\t\t\t\t\t<\/div>\n\t\t<\/section>\n\t\t\t\t<section class=\"elementor-section elementor-top-section elementor-element elementor-element-cb6fadc elementor-section-boxed elementor-section-height-default elementor-section-height-default\" data-id=\"cb6fadc\" data-element_type=\"section\">\n\t\t\t\t\t\t<div class=\"elementor-container elementor-column-gap-default\">\n\t\t\t\t\t<div class=\"elementor-column elementor-col-100 elementor-top-column elementor-element elementor-element-3ab22ee\" data-id=\"3ab22ee\" data-element_type=\"column\">\n\t\t\t<div class=\"elementor-widget-wrap elementor-element-populated\">\n\t\t\t\t\t\t<div class=\"elementor-element elementor-element-0fb2a89 elementor-widget elementor-widget-spacer\" data-id=\"0fb2a89\" data-element_type=\"widget\" data-widget_type=\"spacer.default\">\n\t\t\t\t<div class=\"elementor-widget-container\">\n\t\t\t\t\t\t\t<div class=\"elementor-spacer\">\n\t\t\t<div class=\"elementor-spacer-inner\"><\/div>\n\t\t<\/div>\n\t\t\t\t\t\t<\/div>\n\t\t\t\t<\/div>\n\t\t\t\t\t<\/div>\n\t\t<\/div>\n\t\t\t\t\t<\/div>\n\t\t<\/section>\n\t\t\t\t<\/div>\n\t\t","protected":false},"excerpt":{"rendered":"<p>Un accompagnement sur mesure La satisfaction client est au c\u0153ur de nos priorit\u00e9s. Que vous soyez propri\u00e9taire, bailleur, ou investisseur, l\u2019agence Kingsman Property vous propose des produits et services li\u00e9s \u00e0 vos besoins. Nous assurons la s\u00e9curisation de vos revenus locatifs ainsi que la pr\u00e9servation de votre patrimoine. Nos conseillers vous fournissent un accompagnement personnalis\u00e9 [&hellip;]<\/p>\n","protected":false},"author":2,"featured_media":0,"parent":0,"menu_order":0,"comment_status":"closed","ping_status":"closed","template":"","meta":{"footnotes":""},"class_list":["post-42","page","type-page","status-publish","hentry","entry","owp-thumbs-layout-horizontal","owp-btn-normal","owp-tabs-layout-horizontal","has-no-thumbnails","has-product-nav"],"yoast_head":"<!-- This site is optimized with the Yoast SEO plugin v27.5 - https:\/\/yoast.com\/product\/yoast-seo-wordpress\/ -->\n<title>Louer - Kingsman Property<\/title>\n<meta name=\"robots\" content=\"index, follow, max-snippet:-1, max-image-preview:large, max-video-preview:-1\" \/>\n<link rel=\"canonical\" href=\"https:\/\/k-p.fr\/?page_id=42\" \/>\n<meta property=\"og:locale\" content=\"fr_FR\" \/>\n<meta property=\"og:type\" content=\"article\" \/>\n<meta property=\"og:title\" content=\"Louer - Kingsman Property\" \/>\n<meta property=\"og:description\" content=\"Un accompagnement sur mesure La satisfaction client est au c\u0153ur de nos priorit\u00e9s. Que vous soyez propri\u00e9taire, bailleur, ou investisseur, l\u2019agence Kingsman Property vous propose des produits et services li\u00e9s \u00e0 vos besoins. Nous assurons la s\u00e9curisation de vos revenus locatifs ainsi que la pr\u00e9servation de votre patrimoine. Nos conseillers vous fournissent un accompagnement personnalis\u00e9 [&hellip;]\" \/>\n<meta property=\"og:url\" content=\"https:\/\/k-p.fr\/?page_id=42\" \/>\n<meta property=\"og:site_name\" content=\"Kingsman Property\" \/>\n<meta property=\"article:modified_time\" content=\"2022-05-18T10:26:21+00:00\" \/>\n<meta property=\"og:image\" content=\"https:\/\/k-p.fr\/wp-content\/uploads\/2022\/03\/La-location-dune-maison.webp\" \/>\n<meta name=\"twitter:card\" content=\"summary_large_image\" \/>\n<meta name=\"twitter:label1\" content=\"Dur\u00e9e de lecture estim\u00e9e\" \/>\n\t<meta name=\"twitter:data1\" content=\"1 minute\" \/>\n<script type=\"application\/ld+json\" class=\"yoast-schema-graph\">{\"@context\":\"https:\\\/\\\/schema.org\",\"@graph\":[{\"@type\":\"WebPage\",\"@id\":\"https:\\\/\\\/k-p.fr\\\/?page_id=42\",\"url\":\"https:\\\/\\\/k-p.fr\\\/?page_id=42\",\"name\":\"Louer - Kingsman Property\",\"isPartOf\":{\"@id\":\"https:\\\/\\\/k-p.fr\\\/#website\"},\"primaryImageOfPage\":{\"@id\":\"https:\\\/\\\/k-p.fr\\\/?page_id=42#primaryimage\"},\"image\":{\"@id\":\"https:\\\/\\\/k-p.fr\\\/?page_id=42#primaryimage\"},\"thumbnailUrl\":\"https:\\\/\\\/k-p.fr\\\/wp-content\\\/uploads\\\/2022\\\/03\\\/La-location-dune-maison.webp\",\"datePublished\":\"2022-02-13T18:35:32+00:00\",\"dateModified\":\"2022-05-18T10:26:21+00:00\",\"breadcrumb\":{\"@id\":\"https:\\\/\\\/k-p.fr\\\/?page_id=42#breadcrumb\"},\"inLanguage\":\"fr-FR\",\"potentialAction\":[{\"@type\":\"ReadAction\",\"target\":[\"https:\\\/\\\/k-p.fr\\\/?page_id=42\"]}]},{\"@type\":\"ImageObject\",\"inLanguage\":\"fr-FR\",\"@id\":\"https:\\\/\\\/k-p.fr\\\/?page_id=42#primaryimage\",\"url\":\"https:\\\/\\\/k-p.fr\\\/wp-content\\\/uploads\\\/2022\\\/03\\\/La-location-dune-maison.webp\",\"contentUrl\":\"https:\\\/\\\/k-p.fr\\\/wp-content\\\/uploads\\\/2022\\\/03\\\/La-location-dune-maison.webp\",\"width\":632,\"height\":421},{\"@type\":\"BreadcrumbList\",\"@id\":\"https:\\\/\\\/k-p.fr\\\/?page_id=42#breadcrumb\",\"itemListElement\":[{\"@type\":\"ListItem\",\"position\":1,\"name\":\"Accueil\",\"item\":\"https:\\\/\\\/k-p.fr\\\/\"},{\"@type\":\"ListItem\",\"position\":2,\"name\":\"Louer\"}]},{\"@type\":\"WebSite\",\"@id\":\"https:\\\/\\\/k-p.fr\\\/#website\",\"url\":\"https:\\\/\\\/k-p.fr\\\/\",\"name\":\"Kingsman Property\",\"description\":\"L&#039;immobilier sur mesure\",\"publisher\":{\"@id\":\"https:\\\/\\\/k-p.fr\\\/#organization\"},\"potentialAction\":[{\"@type\":\"SearchAction\",\"target\":{\"@type\":\"EntryPoint\",\"urlTemplate\":\"https:\\\/\\\/k-p.fr\\\/?s={search_term_string}\"},\"query-input\":{\"@type\":\"PropertyValueSpecification\",\"valueRequired\":true,\"valueName\":\"search_term_string\"}}],\"inLanguage\":\"fr-FR\"},{\"@type\":\"Organization\",\"@id\":\"https:\\\/\\\/k-p.fr\\\/#organization\",\"name\":\"Kingsman Property\",\"url\":\"https:\\\/\\\/k-p.fr\\\/\",\"logo\":{\"@type\":\"ImageObject\",\"inLanguage\":\"fr-FR\",\"@id\":\"https:\\\/\\\/k-p.fr\\\/#\\\/schema\\\/logo\\\/image\\\/\",\"url\":\"https:\\\/\\\/k-p.fr\\\/wp-content\\\/uploads\\\/2022\\\/02\\\/LOGO-KP-.gif\",\"contentUrl\":\"https:\\\/\\\/k-p.fr\\\/wp-content\\\/uploads\\\/2022\\\/02\\\/LOGO-KP-.gif\",\"width\":1400,\"height\":1400,\"caption\":\"Kingsman Property\"},\"image\":{\"@id\":\"https:\\\/\\\/k-p.fr\\\/#\\\/schema\\\/logo\\\/image\\\/\"}}]}<\/script>\n<!-- \/ Yoast SEO plugin. -->","yoast_head_json":{"title":"Louer - Kingsman Property","robots":{"index":"index","follow":"follow","max-snippet":"max-snippet:-1","max-image-preview":"max-image-preview:large","max-video-preview":"max-video-preview:-1"},"canonical":"https:\/\/k-p.fr\/?page_id=42","og_locale":"fr_FR","og_type":"article","og_title":"Louer - Kingsman Property","og_description":"Un accompagnement sur mesure La satisfaction client est au c\u0153ur de nos priorit\u00e9s. Que vous soyez propri\u00e9taire, bailleur, ou investisseur, l\u2019agence Kingsman Property vous propose des produits et services li\u00e9s \u00e0 vos besoins. Nous assurons la s\u00e9curisation de vos revenus locatifs ainsi que la pr\u00e9servation de votre patrimoine. Nos conseillers vous fournissent un accompagnement personnalis\u00e9 [&hellip;]","og_url":"https:\/\/k-p.fr\/?page_id=42","og_site_name":"Kingsman Property","article_modified_time":"2022-05-18T10:26:21+00:00","og_image":[{"url":"https:\/\/k-p.fr\/wp-content\/uploads\/2022\/03\/La-location-dune-maison.webp","type":"","width":"","height":""}],"twitter_card":"summary_large_image","twitter_misc":{"Dur\u00e9e de lecture estim\u00e9e":"1 minute"},"schema":{"@context":"https:\/\/schema.org","@graph":[{"@type":"WebPage","@id":"https:\/\/k-p.fr\/?page_id=42","url":"https:\/\/k-p.fr\/?page_id=42","name":"Louer - Kingsman Property","isPartOf":{"@id":"https:\/\/k-p.fr\/#website"},"primaryImageOfPage":{"@id":"https:\/\/k-p.fr\/?page_id=42#primaryimage"},"image":{"@id":"https:\/\/k-p.fr\/?page_id=42#primaryimage"},"thumbnailUrl":"https:\/\/k-p.fr\/wp-content\/uploads\/2022\/03\/La-location-dune-maison.webp","datePublished":"2022-02-13T18:35:32+00:00","dateModified":"2022-05-18T10:26:21+00:00","breadcrumb":{"@id":"https:\/\/k-p.fr\/?page_id=42#breadcrumb"},"inLanguage":"fr-FR","potentialAction":[{"@type":"ReadAction","target":["https:\/\/k-p.fr\/?page_id=42"]}]},{"@type":"ImageObject","inLanguage":"fr-FR","@id":"https:\/\/k-p.fr\/?page_id=42#primaryimage","url":"https:\/\/k-p.fr\/wp-content\/uploads\/2022\/03\/La-location-dune-maison.webp","contentUrl":"https:\/\/k-p.fr\/wp-content\/uploads\/2022\/03\/La-location-dune-maison.webp","width":632,"height":421},{"@type":"BreadcrumbList","@id":"https:\/\/k-p.fr\/?page_id=42#breadcrumb","itemListElement":[{"@type":"ListItem","position":1,"name":"Accueil","item":"https:\/\/k-p.fr\/"},{"@type":"ListItem","position":2,"name":"Louer"}]},{"@type":"WebSite","@id":"https:\/\/k-p.fr\/#website","url":"https:\/\/k-p.fr\/","name":"Kingsman Property","description":"L&#039;immobilier sur mesure","publisher":{"@id":"https:\/\/k-p.fr\/#organization"},"potentialAction":[{"@type":"SearchAction","target":{"@type":"EntryPoint","urlTemplate":"https:\/\/k-p.fr\/?s={search_term_string}"},"query-input":{"@type":"PropertyValueSpecification","valueRequired":true,"valueName":"search_term_string"}}],"inLanguage":"fr-FR"},{"@type":"Organization","@id":"https:\/\/k-p.fr\/#organization","name":"Kingsman Property","url":"https:\/\/k-p.fr\/","logo":{"@type":"ImageObject","inLanguage":"fr-FR","@id":"https:\/\/k-p.fr\/#\/schema\/logo\/image\/","url":"https:\/\/k-p.fr\/wp-content\/uploads\/2022\/02\/LOGO-KP-.gif","contentUrl":"https:\/\/k-p.fr\/wp-content\/uploads\/2022\/02\/LOGO-KP-.gif","width":1400,"height":1400,"caption":"Kingsman Property"},"image":{"@id":"https:\/\/k-p.fr\/#\/schema\/logo\/image\/"}}]}},"_links":{"self":[{"href":"https:\/\/k-p.fr\/index.php?rest_route=\/wp\/v2\/pages\/42","targetHints":{"allow":["GET"]}}],"collection":[{"href":"https:\/\/k-p.fr\/index.php?rest_route=\/wp\/v2\/pages"}],"about":[{"href":"https:\/\/k-p.fr\/index.php?rest_route=\/wp\/v2\/types\/page"}],"author":[{"embeddable":true,"href":"https:\/\/k-p.fr\/index.php?rest_route=\/wp\/v2\/users\/2"}],"replies":[{"embeddable":true,"href":"https:\/\/k-p.fr\/index.php?rest_route=%2Fwp%2Fv2%2Fcomments&post=42"}],"version-history":[{"count":19,"href":"https:\/\/k-p.fr\/index.php?rest_route=\/wp\/v2\/pages\/42\/revisions"}],"predecessor-version":[{"id":953,"href":"https:\/\/k-p.fr\/index.php?rest_route=\/wp\/v2\/pages\/42\/revisions\/953"}],"wp:attachment":[{"href":"https:\/\/k-p.fr\/index.php?rest_route=%2Fwp%2Fv2%2Fmedia&parent=42"}],"curies":[{"name":"wp","href":"https:\/\/api.w.org\/{rel}","templated":true}]}}